{"id":16058,"date":"2020-05-06T22:00:25","date_gmt":"2020-05-06T21:00:25","guid":{"rendered":"https:\/\/msofficestore.com\/product\/mac-office-2019-home-and-business-per-mac-versione-retail\/"},"modified":"2024-01-10T09:37:34","modified_gmt":"2024-01-10T09:37:34","slug":"mac-office-2019-home-and-business-per-mac-versione-retail","status":"publish","type":"product","link":"https:\/\/msofficestore.com\/it\/prodotto\/mac-office-2019-home-and-business-per-mac-versione-retail\/","title":{"rendered":"Mac Office 2019 Home and Business per Mac Versione retail"},"content":{"rendered":"<p><strong>Informazioni sul prodotto per Mac Office 2019 Home And Business Per Mac (Versione Retail).<\/strong><\/p>\n<p><span style=\"font-weight: 400;\">Mac Office 2019 Home And Business offre una raccolta di programmi ideali per utenti singoli, famiglie e piccole e medie imprese. Questo pacchetto pu\u00f2 essere utilizzato per molte cose, tra cui il controllo e la gestione delle e-mail, la creazione di documenti, presentazioni e altro ancora. Include anche le ultime versioni di OneNote, Outlook, Word, Excel e PowerPoint. Acquistate oggi stesso la chiave di licenza per Microsoft Office per Mac. Con MS Office Store potete essere operativi in pochi minuti. <\/span><\/p>\n<p><b>Se acquistate oggi Mac Office 2019 Home e Business, potete essere certi di aver fatto la scelta migliore.<\/b><\/p>\n<p><span style=\"font-weight: 400;\">Il software include Remix 3D, un assistente d&#8217;ufficio che crea modelli 3D di oggetti da utilizzare in PowerPoint, Word ed Excel. Questa caratteristica render\u00e0 qualsiasi documento pi\u00f9 emozionante e unico. Si tratta di un processo continuo e i modelli 3D possono essere utilizzati in PowerPoint quando si passa da una diapositiva all&#8217;altra. \u00c8 possibile utilizzare queste funzioni anche senza essere connessi a Internet. Scrivere e calcolare numeri \u00e8 molto semplice utilizzando il classico foglio di calcolo Excel. <\/span><\/p>\n<p><span style=\"font-weight: 400;\">Questa versione consente di accedere a numerosi strumenti utili per risparmiare tempo. Uno strumento utile \u00e8 che il programma impara a riconoscere i modelli di lavoro per dare suggerimenti migliori agli utenti. \u00c8 possibile selezionare un modello da oltre 40 categorie per un avvio pi\u00f9 rapido. Le versioni precedenti hanno permesso agli utenti di creare formule e calcoli complessi e il software Mac 2019 offre questo e altro ancora. Gli utenti possono modificare le tabelle per assicurarsi che i contenuti siano chiari e ben presentati. Ci sono anche nuovi diagrammi per gli utenti, che possono aiutarvi a presentare previsioni e tendenze nel modo migliore. <\/span><\/p>\n<p><span style=\"font-weight: 400;\">Il taccuino digitale OneNote aiuta gli utenti professionali e privati a mantenersi organizzati. Tutte le idee possono essere inserite in sottocategorie e facilmente individuate con la funzione di ricerca. I dati possono essere modificati anche con una penna, un evidenziatore o con la tastiera. Gli utenti hanno anche accesso alla versione 2019 di Outlook per la posta elettronica. Inoltre, i calendari, i contatti e i file possono essere facilmente integrati nell&#8217;app.<\/span><\/p>\n<p><span style=\"font-weight: 400;\">\u00c8 possibile acquistare questo software con un download sicuro. La licenza \u00e8 per un computer. Ogni computer che esegue i programmi Office avr\u00e0 bisogno di una licenza individuale. <\/span><\/p>\n<p><b>I requisiti di sistema sono:<\/b><\/p>\n<ul>\n<li style=\"font-weight: 400;\"><span style=\"font-weight: 400;\">10 GB di capacit\u00e0 del disco rigido, formato HFS+ (o macOS Extended o APFS)<\/span><\/li>\n<li style=\"font-weight: 400;\"><span style=\"font-weight: 400;\">Risoluzione del display di almeno 1280 x 800<\/span><\/li>\n<li style=\"font-weight: 400;\"><span style=\"font-weight: 400;\">Office 2019 funzioner\u00e0 solo sulle tre versioni pi\u00f9 recenti di macOS. Si tratta sempre dell\u2019ultima versione e delle due precedenti. Attualmente si tratta di MacOS 10.15, MacOS 10.14 e 10.13.<\/span><\/li>\n<li style=\"font-weight: 400;\"><span style=\"font-weight: 400;\">\u00c8 richiesta l&#8217;ultima versione di Chrome, Internet Explorer, Safari o Firefox.<\/span><\/li>\n<li style=\"font-weight: 400;\"><span style=\"font-weight: 400;\">Microfono necessario per il riconoscimento vocale in Outlook<\/span><\/li>\n<li style=\"font-weight: 400;\"><span style=\"font-weight: 400;\">Apparecchiatura di uscita audio necessaria per la funzione di lettura ad alta voce<\/span><\/li>\n<\/ul>\n<p><b>Consegna digitale<\/b><\/p>\n<p><span style=\"font-weight: 400;\">I nostri prodotti sono solo in formato digitale. Ci\u00f2 significa che non verr\u00e0 inviato per posta alcun disco o supporto di installazione.<\/span><\/p>\n","protected":false},"excerpt":{"rendered":"<ul>\n<li>Office Home and Business 2019 versione retail<\/li>\n<li>Il download \u00e8 disponibile immediatamente dopo l&#8217;acquisto &#8211; Un codice di attivazione verr\u00e0 inviato via e-mail.<\/li>\n<li>Con un solo pagamento si ottiene una licenza a vita<\/li>\n<li>Nuova licenza per 1 dispositivo Mac &#8211; Se volete acquistare pi\u00f9 licenze contattateci sulla live chat.<\/li>\n<li>Per funzionare richiede macOS 11 (Big Sur) o superiore<\/li>\n<li>Include le versioni 2019 delle classiche applicazioni per ufficio, tra cui Word, PowerPoint, Excel e Outlook. Queste sono licenze per uso domestico e commerciale<\/li>\n<li>Ogni acquisto \u00e8 coperto dalla nostra garanzia di soddisfazione del prodotto al 100%. Se il team di MS Office Store non \u00e8 in grado di attivare il vostro acquisto, vi verr\u00e0 restituito il denaro.<\/li>\n<\/ul>\n","protected":false},"featured_media":16212,"comment_status":"open","ping_status":"closed","template":"","meta":{"_acf_changed":false},"product_brand":[],"product_cat":[113,114],"product_tag":[],"class_list":{"0":"post-16058","1":"product","2":"type-product","3":"status-publish","4":"has-post-thumbnail","6":"product_cat-ms-office-it","7":"product_cat-mac-microsoft-office-it","9":"first","10":"instock","11":"sale","12":"featured","13":"taxable","14":"shipping-taxable","15":"purchasable","16":"product-type-simple"},"acf":[],"_links":{"self":[{"href":"https:\/\/msofficestore.com\/it\/wp-json\/wp\/v2\/product\/16058","targetHints":{"allow":["GET"]}}],"collection":[{"href":"https:\/\/msofficestore.com\/it\/wp-json\/wp\/v2\/product"}],"about":[{"href":"https:\/\/msofficestore.com\/it\/wp-json\/wp\/v2\/types\/product"}],"replies":[{"embeddable":true,"href":"https:\/\/msofficestore.com\/it\/wp-json\/wp\/v2\/comments?post=16058"}],"wp:featuredmedia":[{"embeddable":true,"href":"https:\/\/msofficestore.com\/it\/wp-json\/wp\/v2\/media\/16212"}],"wp:attachment":[{"href":"https:\/\/msofficestore.com\/it\/wp-json\/wp\/v2\/media?parent=16058"}],"wp:term":[{"taxonomy":"product_brand","embeddable":true,"href":"https:\/\/msofficestore.com\/it\/wp-json\/wp\/v2\/product_brand?post=16058"},{"taxonomy":"product_cat","embeddable":true,"href":"https:\/\/msofficestore.com\/it\/wp-json\/wp\/v2\/product_cat?post=16058"},{"taxonomy":"product_tag","embeddable":true,"href":"https:\/\/msofficestore.com\/it\/wp-json\/wp\/v2\/product_tag?post=16058"}],"curies":[{"name":"wp","href":"https:\/\/api.w.org\/{rel}","templated":true}]}}