{"id":16059,"date":"2020-05-06T13:41:08","date_gmt":"2020-05-06T12:41:08","guid":{"rendered":"https:\/\/msofficestore.com\/product\/microsoft-windows-server-2019-standard-64-bit-retail-version\/"},"modified":"2024-01-10T08:56:01","modified_gmt":"2024-01-10T08:56:01","slug":"microsoft-windows-server-2019-standard-64-bit-retail-version","status":"publish","type":"product","link":"https:\/\/msofficestore.com\/it\/prodotto\/microsoft-windows-server-2019-standard-64-bit-retail-version\/","title":{"rendered":"Microsoft Windows Server 2019 Standard 64-Bit Retail Version"},"content":{"rendered":"<p><b>Utilizzando Windows Server 2019, la vostra azienda potr\u00e0 beneficiare di nuove tecnologie, velocit\u00e0 elevate e maggiore capacit\u00e0 di archiviazione. \u00c8 dotato di un sistema di recupero dati integrato per rendere la vostra azienda pi\u00f9 sicura ed efficiente. Se si desidera passare a software pi\u00f9 recenti, Windows Server 2019 \u00e8 la scelta migliore. Acquistate il pacchetto da MS Office Store oggi stesso per ottenere una consegna digitale immediata, in modo da poter iniziare subito! <\/b><\/p>\n<p><span style=\"font-weight: 400;\">Le aziende di tutte le dimensioni potranno beneficiare delle nuove funzionalit\u00e0 del software. Il sistema \u00e8 stato progettato per configurazioni di server fisici e virtuali. Include il supporto di linguaggi come C# per le applicazioni cloud, Python, Java e Node.js. Si tratta della versione pi\u00f9 potente e le funzioni sono molto apprezzate dagli utenti.<\/span><\/p>\n<p><span style=\"font-weight: 400;\">Se siete pronti a far progredire la vostra azienda, allora passate a un server in grado di gestire qualsiasi cosa. Quando si lavora con grandi insiemi di dati e carichi di lavoro pesanti, \u00e8 necessario un server in grado di funzionare perfettamente. <\/span><\/p>\n<p><span style=\"font-weight: 400;\">La versione 2019 presenta ulteriori miglioramenti rispetto al modello con licenza 2016. Offre un&#8217;esperienza coerente in ambienti multi-cloud. Microsoft \u00e8 passata dalle licenze basate sui processori a quelle basate sui core per le versioni Standard e Datacenter di Windows Server 2019. <\/span><\/p>\n<p><b>Windows Server 2019 aumenta le prestazioni e l&#8217;affidabilit\u00e0, supporta un server. <\/b><\/p>\n<p><span style=\"font-weight: 400;\">Gli utenti possono utilizzare questo programma come RDSH (Remote Desktop Session Host). \u00c8 possibile condividere qualsiasi programma basato su Windows o un intero desktop quando gli utenti sono in esecuzione sull&#8217;host. Ci sono altre nuove funzioni di rilievo nell&#8217;area della gestione della memoria. Gli SMS, o Storage Migration Services, consentono di aggiornare i servizi di archiviazione pi\u00f9 vecchi alla versione pi\u00f9 recente del 2019. Anche i dati, i diritti di accesso e le impostazioni saranno aggiornati. L&#8217;SMS trasferir\u00e0 l&#8217;identit\u00e0 dei vecchi server a uno nuovo, consentendo all&#8217;altro computer di disconnettersi in modo sicuro. Tutti gli strumenti necessari sono inclusi negli strumenti di Honolulu. La versione standard 2019 \u00e8 dotata anche della funzione Storage Replica. Faceva parte della precedente versione 2016 e viene utilizzata per la replica a blocchi dei volumi tra cluster e server. Windows Server 2019 presenta anche un&#8217;interfaccia grafica che non era presente nella precedente versione 2016. <\/span><\/p>\n<p><b>I requisiti di sistema sono:<\/b><\/p>\n<ul>\n<li style=\"font-weight: 400;\"><span style=\"font-weight: 400;\">1,4 GHz 64-bit EMT64 o AMD64, processore quad-core consigliato<\/span><\/li>\n<li style=\"font-weight: 400;\"><span style=\"font-weight: 400;\">512 MB di moduli di memoria ECC supportati e 800 MB per installazioni VM<\/span><\/li>\n<li style=\"font-weight: 400;\"><span style=\"font-weight: 400;\">Disco rigido da 32 GB per il core 32 GB, per la GUI altri 4 GB<\/span><\/li>\n<li style=\"font-weight: 400;\"><span style=\"font-weight: 400;\">Controller disco compatibile con PCI Express<\/span><\/li>\n<\/ul>\n<p><b>Consegna digitale<\/b><\/p>\n<p><span style=\"font-weight: 400;\">I nostri prodotti sono solo in formato digitale. Ci\u00f2 significa che non verr\u00e0 inviato per posta alcun disco o supporto di installazione.<\/span><\/p>\n<p>&nbsp;<\/p>\n<p>&nbsp;<\/p>\n","protected":false},"excerpt":{"rendered":"<ul>\n<li><strong>Windows Server 2019 Standard Retail Version<\/strong> \u00e8 il nuovo sistema operativo pronto per il cloud che supporta i carichi di lavoro attuali e introduce nuove tecnologie che facilitano la transizione al cloud computing quando si \u00e8 pronti. Offre nuovi e potenti livelli di sicurezza insieme all&#8217;innovazione ispirata ad Azure per le applicazioni e l&#8217;infrastruttura che alimentano il vostro business. Ogni acquisto comprende 16 licenze core + 10 CAL e pu\u00f2 essere utilizzato per eseguire due ambienti di sistema operativo, virtuali o fisici. Se il vostro server ha pi\u00f9 di 16 core, dovrete acquistare licenze aggiuntive.<\/li>\n<li><strong>Garanzia<\/strong>: 100% di soddisfazione del prodotto Se non riusciamo a far attivare il vostro acquisto, abbiamo una garanzia di rimborso.<\/li>\n<\/ul>\n<p>&nbsp;<\/p>\n<p>&nbsp;<\/p>\n<p>&nbsp;<\/p>\n","protected":false},"featured_media":16213,"comment_status":"open","ping_status":"closed","template":"","meta":{"_acf_changed":false},"product_brand":[],"product_cat":[119,124],"product_tag":[],"class_list":{"0":"post-16059","1":"product","2":"type-product","3":"status-publish","4":"has-post-thumbnail","6":"product_cat-microsoft-windows-server-it","7":"product_cat-windows-for-businesses-it","9":"first","10":"instock","11":"sale","12":"taxable","13":"shipping-taxable","14":"purchasable","15":"product-type-simple"},"acf":[],"_links":{"self":[{"href":"https:\/\/msofficestore.com\/it\/wp-json\/wp\/v2\/product\/16059","targetHints":{"allow":["GET"]}}],"collection":[{"href":"https:\/\/msofficestore.com\/it\/wp-json\/wp\/v2\/product"}],"about":[{"href":"https:\/\/msofficestore.com\/it\/wp-json\/wp\/v2\/types\/product"}],"replies":[{"embeddable":true,"href":"https:\/\/msofficestore.com\/it\/wp-json\/wp\/v2\/comments?post=16059"}],"wp:featuredmedia":[{"embeddable":true,"href":"https:\/\/msofficestore.com\/it\/wp-json\/wp\/v2\/media\/16213"}],"wp:attachment":[{"href":"https:\/\/msofficestore.com\/it\/wp-json\/wp\/v2\/media?parent=16059"}],"wp:term":[{"taxonomy":"product_brand","embeddable":true,"href":"https:\/\/msofficestore.com\/it\/wp-json\/wp\/v2\/product_brand?post=16059"},{"taxonomy":"product_cat","embeddable":true,"href":"https:\/\/msofficestore.com\/it\/wp-json\/wp\/v2\/product_cat?post=16059"},{"taxonomy":"product_tag","embeddable":true,"href":"https:\/\/msofficestore.com\/it\/wp-json\/wp\/v2\/product_tag?post=16059"}],"curies":[{"name":"wp","href":"https:\/\/api.w.org\/{rel}","templated":true}]}}