{"id":16060,"date":"2020-05-05T08:04:31","date_gmt":"2020-05-05T07:04:31","guid":{"rendered":"https:\/\/msofficestore.com\/product\/windows-10-home-versione-retail-plus\/"},"modified":"2024-01-10T08:19:48","modified_gmt":"2024-01-10T08:19:48","slug":"windows-10-home-versione-retail-plus","status":"publish","type":"product","link":"https:\/\/msofficestore.com\/it\/prodotto\/windows-10-home-versione-retail-plus\/","title":{"rendered":"Windows 10 Home Versione Retail Plus"},"content":{"rendered":"<blockquote>\n<h6 style=\"text-align: center;\">Il nostro team \u00e8 sempre disponibile online tramite <span style=\"color: #ff6600;\"><strong>live chat.<\/strong><\/span> Se avete domande, possiamo rispondervi in pochi secondi. <span style=\"color: #ff6600;\">Provate<\/span>.<\/h6>\n<\/blockquote>\n<p><strong>Informazioni sul prodotto per la versione retail di Windows 10 Home Plus (compresa la garanzia aggiuntiva di due anni)<\/strong><\/p>\n<p>Il nuovo sistema operativo Windows 10 Home Plus supporta sia i principianti che gli utenti esperti in un &#8220;ambiente domestico&#8221;. Proprio come i suoi predecessori, Windows 10 Plus offre un sistema operativo di prim&#8217;ordine e un&#8217;interfaccia user-friendly. Inoltre, Windows 10 pu\u00f2 adattarsi a qualsiasi dispositivo e propriet\u00e0 a seconda della piattaforma su cui viene utilizzato. I requisiti di sistema per questa versione sono identici a quelli di Windows 7 e 8.1. Ci\u00f2 significa che i computer pi\u00f9 vecchi possono eseguire il nuovo Windows 10 Plus senza incontrare alcun problema. Se state cercando un download istantaneo della chiave di licenza di Windows 10 con attivazione immediata, ordinate subito da MS Office Store.<\/p>\n<p><strong>La garanzia estesa a due anni<\/strong><\/p>\n<p>La nostra garanzia estesa vi offre servizi e coperture supplementari quando acquistate qualsiasi prodotto dal nostro negozio.<\/p>\n<p>Si tratta di un&#8217;estensione che consente di risolvere in modo semplice e rapido qualsiasi problema software aggiuntivo che si dovesse presentare in futuro. Questo include qualsiasi problema software che si verifichi in qualsiasi momento.<\/p>\n<p>Esempi di problemi coperti dalla garanzia:<\/p>\n<ul>\n<li>Errori causati da altre applicazioni sul PC<\/li>\n<li>Problemi causati dalla pulizia del PC Service<\/li>\n<li>Problemi di ottimizzazione delle prestazioni del PC<\/li>\n<li>Problemi di trasferimento della licenza del prodotto su una nuova scheda madre (applicabile solo ai prodotti acquistati presso il nostro negozio)<\/li>\n<\/ul>\n<p>Nuove funzionalit\u00e0 di Windows 10 Home Plus<\/p>\n<p>Il sistema operativo Windows 10 Home Plus presenta alcuni cambiamenti visivi e una serie di nuove funzionalit\u00e0:<\/p>\n<p><strong>Cortana<\/strong>: Un utile assistente personale a cui \u00e8 possibile accedere e utilizzare il computer.<\/p>\n<p><strong>Nuovo browser Internet: Microsoft Edge \u00e8 il nuovo browser Internet sicuro che sostituisce Internet Explorer.<\/strong><\/p>\n<p><strong>Riconoscimento del volto e delle impronte digitali: Questa funzione \u00e8 disponibile sui dispositivi che la supportano.<\/strong><\/p>\n<p><strong>Continuum: Per la modalit\u00e0 tablet sui dispositivi touch.<\/strong><\/p>\n<p><strong>Windows Holographic<\/strong>: Questa piattaforma applicativa \u00e8 destinata agli occhiali dati HoloLens.<\/p>\n<p><strong>Programmi e giochi<\/strong><\/p>\n<p>Windows 10 Home Plus include tutte le funzionalit\u00e0 che ci si aspetta, tra cui programmi per video e foto, calendario, posta e musica. Questa versione di Windows \u00e8 inoltre dotata di una nuova tecnologia innovativa chiamata DirectX 12, che offre una grafica migliore per i giochi. Anche i giochi Xbox One presenti nella rete domestica ottengono un incremento delle prestazioni, consentendo lo streaming e la riproduzione.<\/p>\n<p><strong>Funzioni aggiornate<\/strong><\/p>\n<p>Quando si utilizza Windows 10 Home Plus si nota un nuovo menu Start che ora \u00e8 un&#8217;area a piastrelle. Ogni piastrella avr\u00e0 una funzione individuale. Il desktop dispone inoltre di nuove funzioni aggiornate che consentono di utilizzare pi\u00f9 desktop virtuali per aree diverse.<\/p>\n<p><strong>Consegna digitale<\/strong><\/p>\n<p>I nostri prodotti sono solo in formato digitale. Ci\u00f2 significa che non verr\u00e0 inviato per posta alcun disco o supporto di installazione.<\/p>\n<p>&nbsp;<\/p>\n","protected":false},"excerpt":{"rendered":"<p><strong>La versione retail di Windows 10 Home Plus viene fornita con una garanzia aggiuntiva di due anni.<\/strong><\/p>\n<ul>\n<li><strong>Informazioni sul prodotto<\/strong>: Versioni retail a 32 e 64 bit, Windows 10 \u00e8 un sistema operativo (<strong>Office NON \u00e8 incluso e deve essere ordinato separatamente<\/strong>).<\/li>\n<li><strong>Produttore<\/strong>: Microsoft <strong>(<\/strong><strong>Windows non \u00e8 compatibile con Chromebook N\u00c9 CON Windows 10 Pro o Enterprise<\/strong><strong>)<\/strong><\/li>\n<li><strong>Stato<\/strong>: La licenza \u00e8 solo per 1 PC &#8211; Per acquisti in blocco, contattateci nella chat online.<\/li>\n<li><strong>Consegna<\/strong>: Una volta acquistato riceverete un download digitale immediato e una chiave di licenza digitale.<\/li>\n<li><strong>A vita<\/strong>: Pagare una sola volta per una licenza a vita<\/li>\n<li><strong>Lingua<\/strong>: Questo prodotto \u00e8 globale e funziona in tutti i paesi, tutte le lingue sono disponibili.<\/li>\n<li><strong>Configurazione<\/strong>: Assistenza per l&#8217;installazione dal vivo<\/li>\n<li><strong>Garanzia<\/strong>: Ogni acquisto ha una garanzia: Se il nostro team non \u00e8 in grado di attivare il vostro acquisto, vi verr\u00e0 restituito il denaro.<\/li>\n<\/ul>\n","protected":false},"featured_media":16061,"comment_status":"open","ping_status":"closed","template":"","meta":{"_acf_changed":false},"product_brand":[],"product_cat":[117,123,125],"product_tag":[126],"class_list":{"0":"post-16060","1":"product","2":"type-product","3":"status-publish","4":"has-post-thumbnail","6":"product_cat-microsoft-windows-10-it","7":"product_cat-windows-it","8":"product_cat-windows-for-personal-use-it","9":"product_tag-windows-10-home-it","11":"first","12":"instock","13":"sale","14":"featured","15":"taxable","16":"shipping-taxable","17":"purchasable","18":"product-type-simple"},"acf":[],"_links":{"self":[{"href":"https:\/\/msofficestore.com\/it\/wp-json\/wp\/v2\/product\/16060","targetHints":{"allow":["GET"]}}],"collection":[{"href":"https:\/\/msofficestore.com\/it\/wp-json\/wp\/v2\/product"}],"about":[{"href":"https:\/\/msofficestore.com\/it\/wp-json\/wp\/v2\/types\/product"}],"replies":[{"embeddable":true,"href":"https:\/\/msofficestore.com\/it\/wp-json\/wp\/v2\/comments?post=16060"}],"wp:featuredmedia":[{"embeddable":true,"href":"https:\/\/msofficestore.com\/it\/wp-json\/wp\/v2\/media\/16061"}],"wp:attachment":[{"href":"https:\/\/msofficestore.com\/it\/wp-json\/wp\/v2\/media?parent=16060"}],"wp:term":[{"taxonomy":"product_brand","embeddable":true,"href":"https:\/\/msofficestore.com\/it\/wp-json\/wp\/v2\/product_brand?post=16060"},{"taxonomy":"product_cat","embeddable":true,"href":"https:\/\/msofficestore.com\/it\/wp-json\/wp\/v2\/product_cat?post=16060"},{"taxonomy":"product_tag","embeddable":true,"href":"https:\/\/msofficestore.com\/it\/wp-json\/wp\/v2\/product_tag?post=16060"}],"curies":[{"name":"wp","href":"https:\/\/api.w.org\/{rel}","templated":true}]}}